{"id":9996,"date":"2016-01-06T23:13:51","date_gmt":"2016-01-06T23:13:51","guid":{"rendered":"http:\/\/www.mundolanar.com\/blog\/?page_id=9996"},"modified":"2016-01-08T18:01:37","modified_gmt":"2016-01-08T18:01:37","slug":"tienda","status":"publish","type":"page","link":"https:\/\/www.mundolanar.com\/blog\/tienda\/","title":{"rendered":"TIENDA"},"content":{"rendered":"<p><\/br><\/p>\n<p style=\"text-align: justify;\"><a href=\"http:\/\/www.shop.mundolanar.com\" target=\"_blank\">La Tienda de Mundo Lanar <\/a> es un espacio especialmente pensado para aquellas personas que deseen adentrarse en el universo de las <b>Fibras &#038; Tintes Naturales desde un enfoque local y sustentable<\/b>. Un concepto de tienda slow desarrollado con gran mimo para que sientas con nosotros la magia de elaborar proyectos textiles 100% <i>DIY&#038;DIS<\/i> (Do It Yourself &#038; Do It Slow), al tiempo que desarrollas tu creatividad, habilidades y destrezas. Te invitamos a sumergirte en este fascinante mundo empleando <b>materias primas naturales cuidadosamente seleccionadas bajo criterios de responsabilidad \u00e9tica y medioambiental<\/b>. Para hacerlo posible Mundo Lanar se entrelaza con multitud de proyectos locales, iniciativas solidarias, peque\u00f1os proveedores, artesanos, entidades sin \u00e1nimo de lucro y consumidores responsables, con quienes colaboramos en pro de una Cultura Textil Sustentable.<\/p>\n<p style=\"text-align: justify;\">Te invitamos a que descubras nuestra propuesta de <strong>hilados sustentables<\/strong> (elaborados con fibras naturales de producci\u00f3n org\u00e1nica certificada y te\u00f1idas artesanalmente con materias colorantes naturales provenientes de fuentes responsables); los ya bautizados \u00ab<strong>Kits de Mundo Lanar<\/strong>\u00bb (cursos enlatados con todos los materiales necesarios, acompa\u00f1ados de complet\u00edsimos manuales, para que puedas adentrarte en las diferentes t\u00e9cnicas); nuestra selecci\u00f3n de <strong>materias colorantes y mordientes naturales<\/strong>; as\u00ed como algunos de los <strong>utensilios lanares<\/strong> de \u00abrelectura etnogr\u00e1fica\u00bb que creamos, los cuales cobran vida en las manos de nuestro artesano de la madera, quien elabora cada pieza con maderas de poda y acabados vegetales.<\/p>\n<p style=\"text-align: justify;\">Y, como novedad, a lo largo de 2016 iremos creando una serie de publicaciones \u2013eminentemente pr\u00e1cticas\u2013 con las que <strong>podr\u00e1s iniciarte en las distintas t\u00e9cnicas para la creaci\u00f3n de textiles sustentables<\/strong>, con especial atenci\u00f3n a los Tintes Naturales. Con ello pretendemos poner nuestro granito de arena para que, aquellas personas que deseen adentrarse en este campo, encuentren el camino algo m\u00e1s allanado de lo que lo encontramos nosotros.<\/p>\n<p><\/br><\/p>\n<p align=\"right\">Romi&#038;Ato<\/p>\n<p><\/br><br \/>\n<\/br><\/p>\n<p><a href=\"http:\/\/www.shop.mundolanar.com\" target=\"_blank\"><img loading=\"lazy\" decoding=\"async\" src=\"http:\/\/www.mundolanar.com\/blog\/wp-content\/uploads\/2016\/01\/La-tienda-de-Mundo-Lanar.jpg\" alt=\"La tienda de Mundo Lanar\" width=\"900\" height=\"370\" class=\"aligncenter size-full wp-image-10099\" srcset=\"https:\/\/www.mundolanar.com\/blog\/wp-content\/uploads\/2016\/01\/La-tienda-de-Mundo-Lanar.jpg 900w, https:\/\/www.mundolanar.com\/blog\/wp-content\/uploads\/2016\/01\/La-tienda-de-Mundo-Lanar-300x123.jpg 300w, https:\/\/www.mundolanar.com\/blog\/wp-content\/uploads\/2016\/01\/La-tienda-de-Mundo-Lanar-750x308.jpg 750w, https:\/\/www.mundolanar.com\/blog\/wp-content\/uploads\/2016\/01\/La-tienda-de-Mundo-Lanar-150x62.jpg 150w\" sizes=\"auto, (max-width: 900px) 100vw, 900px\" \/><\/a><\/p>\n<p><\/br><br \/>\n<\/br><\/p>\n<p style=\"text-align: center;\"><span style=\"color: #808000;\"><a style=\"color: #808000;\" href=\"http:\/\/www.mundolanar.com\/blog\/\">Volver al Blog  ***  Go back to the blog<\/a><\/span><\/p>\n","protected":false},"excerpt":{"rendered":"<p>La Tienda de Mundo Lanar es un espacio especialmente pensado para aquellas personas que deseen adentrarse en el universo de las Fibras &#038; Tintes Naturales desde un enfoque local y sustentable. Un concepto de tienda slow desarrollado con gran mimo para que sientas con nosotros la magia de elaborar proyectos textiles 100% DIY&#038;DIS (Do It [&hellip;]<\/p>\n","protected":false},"author":1,"featured_media":0,"parent":0,"menu_order":2,"comment_status":"closed","ping_status":"closed","template":"page_fullwidth.php","meta":{"site-sidebar-layout":"default","site-content-layout":"","ast-site-content-layout":"default","site-content-style":"default","site-sidebar-style":"default","ast-global-header-display":"","ast-banner-title-visibility":"","ast-main-header-display":"","ast-hfb-above-header-display":"","ast-hfb-below-header-display":"","ast-hfb-mobile-header-display":"","site-post-title":"","ast-breadcrumbs-content":"","ast-featured-img":"","footer-sml-layout":"","ast-disable-related-posts":"","theme-transparent-header-meta":"","adv-header-id-meta":"","stick-header-meta":"","header-above-stick-meta":"","header-main-stick-meta":"","header-below-stick-meta":"","astra-migrate-meta-layouts":"default","ast-page-background-enabled":"default","ast-page-background-meta":{"desktop":{"background-color":"var(--ast-global-color-4)","background-image":"","background-repeat":"repeat","background-position":"center center","background-size":"auto","background-attachment":"scroll","background-type":"","background-media":"","overlay-type":"","overlay-color":"","overlay-opacity":"","overlay-gradient":""},"tablet":{"background-color":"","background-image":"","background-repeat":"repeat","background-position":"center center","background-size":"auto","background-attachment":"scroll","background-type":"","background-media":"","overlay-type":"","overlay-color":"","overlay-opacity":"","overlay-gradient":""},"mobile":{"background-color":"","background-image":"","background-repeat":"repeat","background-position":"center center","background-size":"auto","background-attachment":"scroll","background-type":"","background-media":"","overlay-type":"","overlay-color":"","overlay-opacity":"","overlay-gradient":""}},"ast-content-background-meta":{"desktop":{"background-color":"var(--ast-global-color-5)","background-image":"","background-repeat":"repeat","background-position":"center center","background-size":"auto","background-attachment":"scroll","background-type":"","background-media":"","overlay-type":"","overlay-color":"","overlay-opacity":"","overlay-gradient":""},"tablet":{"background-color":"var(--ast-global-color-5)","background-image":"","background-repeat":"repeat","background-position":"center center","background-size":"auto","background-attachment":"scroll","background-type":"","background-media":"","overlay-type":"","overlay-color":"","overlay-opacity":"","overlay-gradient":""},"mobile":{"background-color":"var(--ast-global-color-5)","background-image":"","background-repeat":"repeat","background-position":"center center","background-size":"auto","background-attachment":"scroll","background-type":"","background-media":"","overlay-type":"","overlay-color":"","overlay-opacity":"","overlay-gradient":""}},"footnotes":""},"class_list":["post-9996","page","type-page","status-publish","hentry"],"yoast_head":"<!-- This site is optimized with the Yoast SEO plugin v24.9 - https:\/\/yoast.com\/wordpress\/plugins\/seo\/ -->\n<title>TIENDA - Mundo Lanar<\/title>\n<meta name=\"robots\" content=\"index, follow, max-snippet:-1, max-image-preview:large, max-video-preview:-1\" \/>\n<link rel=\"canonical\" href=\"https:\/\/www.mundolanar.com\/blog\/tienda\/\" \/>\n<meta property=\"og:locale\" content=\"es_ES\" \/>\n<meta property=\"og:type\" content=\"article\" \/>\n<meta property=\"og:title\" content=\"TIENDA - Mundo Lanar\" \/>\n<meta property=\"og:description\" content=\"La Tienda de Mundo Lanar es un espacio especialmente pensado para aquellas personas que deseen adentrarse en el universo de las Fibras &#038; Tintes Naturales desde un enfoque local y sustentable. Un concepto de tienda slow desarrollado con gran mimo para que sientas con nosotros la magia de elaborar proyectos textiles 100% DIY&#038;DIS (Do It [&hellip;]\" \/>\n<meta property=\"og:url\" content=\"https:\/\/www.mundolanar.com\/blog\/tienda\/\" \/>\n<meta property=\"og:site_name\" content=\"Mundo Lanar\" \/>\n<meta property=\"article:modified_time\" content=\"2016-01-08T18:01:37+00:00\" \/>\n<meta property=\"og:image\" content=\"http:\/\/www.mundolanar.com\/blog\/wp-content\/uploads\/2016\/01\/La-tienda-de-Mundo-Lanar.jpg\" \/>\n<meta name=\"twitter:label1\" content=\"Tiempo de lectura\" \/>\n\t<meta name=\"twitter:data1\" content=\"2 minutos\" \/>\n<script type=\"application\/ld+json\" class=\"yoast-schema-graph\">{\"@context\":\"https:\/\/schema.org\",\"@graph\":[{\"@type\":\"WebPage\",\"@id\":\"https:\/\/www.mundolanar.com\/blog\/tienda\/\",\"url\":\"https:\/\/www.mundolanar.com\/blog\/tienda\/\",\"name\":\"TIENDA - Mundo Lanar\",\"isPartOf\":{\"@id\":\"http:\/\/www.mundolanar.com\/blog\/#website\"},\"primaryImageOfPage\":{\"@id\":\"https:\/\/www.mundolanar.com\/blog\/tienda\/#primaryimage\"},\"image\":{\"@id\":\"https:\/\/www.mundolanar.com\/blog\/tienda\/#primaryimage\"},\"thumbnailUrl\":\"http:\/\/www.mundolanar.com\/blog\/wp-content\/uploads\/2016\/01\/La-tienda-de-Mundo-Lanar.jpg\",\"datePublished\":\"2016-01-06T23:13:51+00:00\",\"dateModified\":\"2016-01-08T18:01:37+00:00\",\"breadcrumb\":{\"@id\":\"https:\/\/www.mundolanar.com\/blog\/tienda\/#breadcrumb\"},\"inLanguage\":\"es\",\"potentialAction\":[{\"@type\":\"ReadAction\",\"target\":[\"https:\/\/www.mundolanar.com\/blog\/tienda\/\"]}]},{\"@type\":\"ImageObject\",\"inLanguage\":\"es\",\"@id\":\"https:\/\/www.mundolanar.com\/blog\/tienda\/#primaryimage\",\"url\":\"https:\/\/www.mundolanar.com\/blog\/wp-content\/uploads\/2016\/01\/La-tienda-de-Mundo-Lanar.jpg\",\"contentUrl\":\"https:\/\/www.mundolanar.com\/blog\/wp-content\/uploads\/2016\/01\/La-tienda-de-Mundo-Lanar.jpg\",\"width\":900,\"height\":370},{\"@type\":\"BreadcrumbList\",\"@id\":\"https:\/\/www.mundolanar.com\/blog\/tienda\/#breadcrumb\",\"itemListElement\":[{\"@type\":\"ListItem\",\"position\":1,\"name\":\"Home\",\"item\":\"http:\/\/www.mundolanar.com\/blog\/\"},{\"@type\":\"ListItem\",\"position\":2,\"name\":\"TIENDA\"}]},{\"@type\":\"WebSite\",\"@id\":\"http:\/\/www.mundolanar.com\/blog\/#website\",\"url\":\"http:\/\/www.mundolanar.com\/blog\/\",\"name\":\"Mundo Lanar\",\"description\":\"Fibras y tintes naturales en clave Do It Yourself &amp; Do It Slow\",\"publisher\":{\"@id\":\"http:\/\/www.mundolanar.com\/blog\/#organization\"},\"potentialAction\":[{\"@type\":\"SearchAction\",\"target\":{\"@type\":\"EntryPoint\",\"urlTemplate\":\"http:\/\/www.mundolanar.com\/blog\/?s={search_term_string}\"},\"query-input\":{\"@type\":\"PropertyValueSpecification\",\"valueRequired\":true,\"valueName\":\"search_term_string\"}}],\"inLanguage\":\"es\"},{\"@type\":\"Organization\",\"@id\":\"http:\/\/www.mundolanar.com\/blog\/#organization\",\"name\":\"Mundo Lanar\",\"url\":\"http:\/\/www.mundolanar.com\/blog\/\",\"logo\":{\"@type\":\"ImageObject\",\"inLanguage\":\"es\",\"@id\":\"http:\/\/www.mundolanar.com\/blog\/#\/schema\/logo\/image\/\",\"url\":\"https:\/\/www.mundolanar.com\/blog\/wp-content\/uploads\/2012\/08\/elblog.jpg\",\"contentUrl\":\"https:\/\/www.mundolanar.com\/blog\/wp-content\/uploads\/2012\/08\/elblog.jpg\",\"width\":800,\"height\":137,\"caption\":\"Mundo Lanar\"},\"image\":{\"@id\":\"http:\/\/www.mundolanar.com\/blog\/#\/schema\/logo\/image\/\"}}]}<\/script>\n<!-- \/ Yoast SEO plugin. -->","yoast_head_json":{"title":"TIENDA - Mundo Lanar","robots":{"index":"index","follow":"follow","max-snippet":"max-snippet:-1","max-image-preview":"max-image-preview:large","max-video-preview":"max-video-preview:-1"},"canonical":"https:\/\/www.mundolanar.com\/blog\/tienda\/","og_locale":"es_ES","og_type":"article","og_title":"TIENDA - Mundo Lanar","og_description":"La Tienda de Mundo Lanar es un espacio especialmente pensado para aquellas personas que deseen adentrarse en el universo de las Fibras &#038; Tintes Naturales desde un enfoque local y sustentable. Un concepto de tienda slow desarrollado con gran mimo para que sientas con nosotros la magia de elaborar proyectos textiles 100% DIY&#038;DIS (Do It [&hellip;]","og_url":"https:\/\/www.mundolanar.com\/blog\/tienda\/","og_site_name":"Mundo Lanar","article_modified_time":"2016-01-08T18:01:37+00:00","og_image":[{"url":"http:\/\/www.mundolanar.com\/blog\/wp-content\/uploads\/2016\/01\/La-tienda-de-Mundo-Lanar.jpg","type":"","width":"","height":""}],"twitter_misc":{"Tiempo de lectura":"2 minutos"},"schema":{"@context":"https:\/\/schema.org","@graph":[{"@type":"WebPage","@id":"https:\/\/www.mundolanar.com\/blog\/tienda\/","url":"https:\/\/www.mundolanar.com\/blog\/tienda\/","name":"TIENDA - Mundo Lanar","isPartOf":{"@id":"http:\/\/www.mundolanar.com\/blog\/#website"},"primaryImageOfPage":{"@id":"https:\/\/www.mundolanar.com\/blog\/tienda\/#primaryimage"},"image":{"@id":"https:\/\/www.mundolanar.com\/blog\/tienda\/#primaryimage"},"thumbnailUrl":"http:\/\/www.mundolanar.com\/blog\/wp-content\/uploads\/2016\/01\/La-tienda-de-Mundo-Lanar.jpg","datePublished":"2016-01-06T23:13:51+00:00","dateModified":"2016-01-08T18:01:37+00:00","breadcrumb":{"@id":"https:\/\/www.mundolanar.com\/blog\/tienda\/#breadcrumb"},"inLanguage":"es","potentialAction":[{"@type":"ReadAction","target":["https:\/\/www.mundolanar.com\/blog\/tienda\/"]}]},{"@type":"ImageObject","inLanguage":"es","@id":"https:\/\/www.mundolanar.com\/blog\/tienda\/#primaryimage","url":"https:\/\/www.mundolanar.com\/blog\/wp-content\/uploads\/2016\/01\/La-tienda-de-Mundo-Lanar.jpg","contentUrl":"https:\/\/www.mundolanar.com\/blog\/wp-content\/uploads\/2016\/01\/La-tienda-de-Mundo-Lanar.jpg","width":900,"height":370},{"@type":"BreadcrumbList","@id":"https:\/\/www.mundolanar.com\/blog\/tienda\/#breadcrumb","itemListElement":[{"@type":"ListItem","position":1,"name":"Home","item":"http:\/\/www.mundolanar.com\/blog\/"},{"@type":"ListItem","position":2,"name":"TIENDA"}]},{"@type":"WebSite","@id":"http:\/\/www.mundolanar.com\/blog\/#website","url":"http:\/\/www.mundolanar.com\/blog\/","name":"Mundo Lanar","description":"Fibras y tintes naturales en clave Do It Yourself &amp; Do It Slow","publisher":{"@id":"http:\/\/www.mundolanar.com\/blog\/#organization"},"potentialAction":[{"@type":"SearchAction","target":{"@type":"EntryPoint","urlTemplate":"http:\/\/www.mundolanar.com\/blog\/?s={search_term_string}"},"query-input":{"@type":"PropertyValueSpecification","valueRequired":true,"valueName":"search_term_string"}}],"inLanguage":"es"},{"@type":"Organization","@id":"http:\/\/www.mundolanar.com\/blog\/#organization","name":"Mundo Lanar","url":"http:\/\/www.mundolanar.com\/blog\/","logo":{"@type":"ImageObject","inLanguage":"es","@id":"http:\/\/www.mundolanar.com\/blog\/#\/schema\/logo\/image\/","url":"https:\/\/www.mundolanar.com\/blog\/wp-content\/uploads\/2012\/08\/elblog.jpg","contentUrl":"https:\/\/www.mundolanar.com\/blog\/wp-content\/uploads\/2012\/08\/elblog.jpg","width":800,"height":137,"caption":"Mundo Lanar"},"image":{"@id":"http:\/\/www.mundolanar.com\/blog\/#\/schema\/logo\/image\/"}}]}},"_links":{"self":[{"href":"https:\/\/www.mundolanar.com\/blog\/wp-json\/wp\/v2\/pages\/9996","targetHints":{"allow":["GET"]}}],"collection":[{"href":"https:\/\/www.mundolanar.com\/blog\/wp-json\/wp\/v2\/pages"}],"about":[{"href":"https:\/\/www.mundolanar.com\/blog\/wp-json\/wp\/v2\/types\/page"}],"author":[{"embeddable":true,"href":"https:\/\/www.mundolanar.com\/blog\/wp-json\/wp\/v2\/users\/1"}],"replies":[{"embeddable":true,"href":"https:\/\/www.mundolanar.com\/blog\/wp-json\/wp\/v2\/comments?post=9996"}],"version-history":[{"count":33,"href":"https:\/\/www.mundolanar.com\/blog\/wp-json\/wp\/v2\/pages\/9996\/revisions"}],"predecessor-version":[{"id":10110,"href":"https:\/\/www.mundolanar.com\/blog\/wp-json\/wp\/v2\/pages\/9996\/revisions\/10110"}],"wp:attachment":[{"href":"https:\/\/www.mundolanar.com\/blog\/wp-json\/wp\/v2\/media?parent=9996"}],"curies":[{"name":"wp","href":"https:\/\/api.w.org\/{rel}","templated":true}]}}