{"id":13259,"date":"2018-10-29T16:53:33","date_gmt":"2018-10-29T16:53:33","guid":{"rendered":"http:\/\/www.mundolanar.com\/blog\/?page_id=13259"},"modified":"2018-11-12T23:32:38","modified_gmt":"2018-11-12T23:32:38","slug":"newsletter","status":"publish","type":"page","link":"https:\/\/www.mundolanar.com\/blog\/newsletter\/","title":{"rendered":"Newsletter"},"content":{"rendered":"<div id=\"pl-13259\"  class=\"panel-layout\" ><div id=\"pg-13259-0\"  class=\"panel-grid panel-no-style\" ><div id=\"pgc-13259-0-0\"  class=\"panel-grid-cell panel-grid-cell-empty\" ><\/div><div id=\"pgc-13259-0-1\"  class=\"panel-grid-cell panel-grid-cell-mobile-last\" ><div id=\"panel-13259-0-1-0\" class=\"so-panel widget panel-first-child panel-last-child\" data-index=\"0\" ><\/div><\/div><div id=\"pgc-13259-0-2\"  class=\"panel-grid-cell panel-grid-cell-empty\" ><\/div><\/div><div id=\"pg-13259-1\"  class=\"panel-grid panel-no-style\" ><div id=\"pgc-13259-1-0\"  class=\"panel-grid-cell panel-grid-cell-empty\" ><\/div><div id=\"pgc-13259-1-1\"  class=\"panel-grid-cell panel-grid-cell-mobile-last\" ><div id=\"panel-13259-1-1-0\" class=\"widget_text so-panel widget widget_custom_html panel-first-child panel-last-child\" data-index=\"1\" ><div class=\"textwidget custom-html-widget\"><style>\n.formulario {\n   font-family: Raleway;\n   font-weight:300;\n}\n.formulario1 {\n   font-family: Raleway;\n   font-weight:300;\n\t font-size:13px;\n}\n\t\n.formulariocheckbox {\n   font-family: Raleway;\n   font-weight:300;\n\t font-size:14px;\n}\n<\/style>\n\n<style>\n.formulario1 {line-height:30%;}\n.formulariocheckbox {line-height:220%;}\n<\/style>\n\n\n<!-- Begin Mailchimp Signup Form -->\n<link href=\"\/\/cdn-images.mailchimp.com\/embedcode\/classic-10_7.css\" rel=\"stylesheet\" type=\"text\/css\">\n<style type=\"text\/css\">\n\t#mc_embed_signup{background:#fff; clear:left; font:14px Helvetica,Arial,sans-serif; }\n\t\/* Add your own Mailchimp form style overrides in your site stylesheet or in this style block.\n\t   We recommend moving this block and the preceding CSS link to the HEAD of your HTML file. *\/\n<\/style>\n<style type=\"text\/css\">\n\t#mc-embedded-subscribe-form input[type=checkbox]{display: inline; width: auto; margin-right: 10px;}\n\t#mergeRow-gdpr {margin-top: 20px;}\n\t#mergeRow-gdpr fieldset label {font-weight: normal;}\n\t#mc-embedded-subscribe-form .mc_fieldset{border:none;min-height: 0px;padding-bottom:0px;}\n<\/style>\n<div id=\"mc_embed_signup\">\n<form action=\"https:\/\/thedyershouse.us19.list-manage.com\/subscribe\/post?u=e85000fa8e0b902f8c52da52d&amp;id=22d1425994\" method=\"post\" id=\"mc-embedded-subscribe-form\" name=\"mc-embedded-subscribe-form\" class=\"validate\" target=\"_blank\" novalidate>\n<div id=\"mc_embed_signup_scroll\">\n<div class=\"indicates-required\"><span class=\"asterisk\">*<\/span><span class=\"formulario\"> campos requeridos<\/span><\/div>\n<div class=\"mc-field-group\">\n\t<label for=\"mce-EMAIL\"><span class=\"formulario\">Correo electr\u00f3nico (requerido)<\/span><span class=\"asterisk\">*<\/span>\n<\/label>\n\t<input type=\"email\" value=\"\" name=\"EMAIL\" class=\"required email\" id=\"mce-EMAIL\">\n<\/div>\n<div class=\"mc-field-group\">\n\t<label for=\"mce-FNAME\"><span class=\"formulario\">Nombre y Apellidos (requerido)<\/span><span class=\"asterisk\">*<\/span>\n<\/label>\n\t<input type=\"text\" value=\"\" name=\"FNAME\" class=\"required\" id=\"mce-FNAME\">\n<\/div>\n<div class=\"mc-field-group\">\n\t<label for=\"mce-MMERGE5\"><span class=\"formulario\">\u00bfDesde qu\u00e9 pa\u00eds te suscribes? (requerido)<\/span>  <span class=\"asterisk\">*<\/span>\n\t<select name=\"MMERGE5\" class=\"required\" id=\"mce-MMERGE5\">\n\t\t\t\t\n\t<option value=\"\"><\/option>\n\t<option value=\"Espa\u00f1a\"><span class=\"formulario\">Espa\u00f1a<\/span><\/option>\n<option value=\"Resto de Europa\"><span class=\"formulario\">Resto de Europa<\/span><\/option>\n<option value=\"Am\u00e9rica del Norte\"><span class=\"formulario\">Am\u00e9rica del Norte<\/span><\/option>\n<option value=\"Am\u00e9rica Central\"><span class=\"formulario\">Am\u00e9rica Central<\/span><\/option>\n\t<option value=\"Am\u00e9rica del Sur\"><span class=\"formulario\">Am\u00e9rica del Sur<\/span><\/option>\n<\/select>\n<\/div>\t\n<div class=\"mc-field-group\">\n\t<label for=\"mce-MMERGE6\"><span class=\"formulario\">Web o Blog (opcional)<\/span><\/label>\n\t<input type=\"url\" value=\"\" name=\"MMERGE6\" class=\" url\" id=\"mce-MMERGE6\">\n<\/div>\n<div id=\"mergeRow-gdpr\" class=\"mergeRow gdpr-mergeRow content__gdprBlock mc-field-group\">\n<div class=\"content__gdpr\">\n<fieldset class=\"mc_fieldset gdprRequired mc-field-group\" name=\"interestgroup_field\">\n\t\t<label class=\"checkbox subfield\" for=\"gdpr_18091\"><input type=\"checkbox\" id=\"gdpr_18091\" name=\"gdpr[18091]\" value=\"Y\" class=\"av-checkbox gdpr\"><span class=\"formulariocheckbox\">He le\u00eddo y acepto la <a href=\"https:\/\/mundolanar.com\/blog\/politica-de-privacidad\/\" target=\"_blank\"><u>Pol\u00edtica de Privacidad<\/u><\/a> de Mundo Lanar.\n\t\t\t<\/span> <\/label>\n\t\t\t<\/fieldset>\n<br\/>\n\t<p class=\"formulario1\"><i>* A\u00f1ade nuestro email \"<b>newsletter@romiato.com<\/b>\" a tu libreta de direcciones para que no te llegue a spam.<\/i><\/p>\n<p class=\"formulario1\"><i>* Recuerda que puedes darte de baja en cualquier momento en el enlace de \"baja\" de nuestros Boletines.<\/i><\/p>\n<\/div>\n<\/div>\n\t<div id=\"mce-responses\" class=\"clear\">\n\t\t<div class=\"response\" id=\"mce-error-response\" style=\"display:none\"><\/div>\n\t\t<div class=\"response\" id=\"mce-success-response\" style=\"display:none\"><\/div>\n\t<\/div>    <!-- real people should not fill this in and expect good things - do not remove this or risk form bot signups-->\n<div style=\"position: absolute; left: -5000px;\" aria-hidden=\"true\"><input type=\"text\" name=\"b_e85000fa8e0b902f8c52da52d_22d1425994\" tabindex=\"-1\" value=\"\"><\/div>\n<div class=\"clear\"><input type=\"submit\" value=\"me apunto\" name=\"subscribe\" id=\"mc-embedded-subscribe\" class=\"button\"><\/div>\n<\/div>\n\t\t<br\/>\n\t<br\/>\n<\/form>\n<\/div>\n<script type='text\/javascript' src='\/\/s3.amazonaws.com\/downloads.mailchimp.com\/js\/mc-validate.js'><\/script><script type='text\/javascript'>(function($) {window.fnames = new Array(); window.ftypes = new Array();fnames[0]='EMAIL';ftypes[0]='email';fnames[1]='FNAME';ftypes[1]='text';fnames[6]='MMERGE6';ftypes[6]='url';fnames[5]='MMERGE5';ftypes[5]='dropdown';fnames[3]='ADDRESS';ftypes[3]='address';fnames[4]='PHONE';ftypes[4]='phone'; \/*\n * Translated default messages for the $ validation plugin.\n * Locale: ES\n *\/\n$.extend($.validator.messages, {\n  required: \"Este campo es obligatorio.\",\n  remote: \"Por favor, rellena este campo.\",\n  email: \"Por favor, escribe una direcci\u00f3n de correo v\u00e1lida\",\n  url: \"Por favor, escribe una URL v\u00e1lida.\",\n  date: \"Por favor, escribe una fecha v\u00e1lida.\",\n  dateISO: \"Por favor, escribe una fecha (ISO) v\u00e1lida.\",\n  number: \"Por favor, escribe un n\u00famero entero v\u00e1lido.\",\n  digits: \"Por favor, escribe s\u00f3lo d\u00edgitos.\",\n  creditcard: \"Por favor, escribe un n\u00famero de tarjeta v\u00e1lido.\",\n  equalTo: \"Por favor, escribe el mismo valor de nuevo.\",\n  accept: \"Por favor, escribe un valor con una extensi\u00f3n aceptada.\",\n  maxlength: $.validator.format(\"Por favor, no escribas m\u00e1s de {0} caracteres.\"),\n  minlength: $.validator.format(\"Por favor, no escribas menos de {0} caracteres.\"),\n  rangelength: $.validator.format(\"Por favor, escribe un valor entre {0} y {1} caracteres.\"),\n  range: $.validator.format(\"Por favor, escribe un valor entre {0} y {1}.\"),\n  max: $.validator.format(\"Por favor, escribe un valor menor o igual a {0}.\"),\n  min: $.validator.format(\"Por favor, escribe un valor mayor o igual a {0}.\")\n});}(jQuery));var $mcj = jQuery.noConflict(true);<\/script>\n<!--End mc_embed_signup--><\/div><\/div><\/div><div id=\"pgc-13259-1-2\"  class=\"panel-grid-cell panel-grid-cell-empty\" ><\/div><\/div><div id=\"pg-13259-2\"  class=\"panel-grid panel-no-style\" ><div id=\"pgc-13259-2-0\"  class=\"panel-grid-cell panel-grid-cell-empty\" ><\/div><div id=\"pgc-13259-2-1\"  class=\"panel-grid-cell panel-grid-cell-mobile-last\" ><div id=\"panel-13259-2-1-0\" class=\"so-panel widget panel-first-child panel-last-child\" data-index=\"2\" ><\/div><\/div><div id=\"pgc-13259-2-2\"  class=\"panel-grid-cell panel-grid-cell-empty\" ><\/div><\/div><\/div>","protected":false},"excerpt":{"rendered":"<p>* campos requeridos Correo electr\u00f3nico (requerido)* Nombre y Apellidos (requerido)* \u00bfDesde qu\u00e9 pa\u00eds te suscribes? (requerido) * Espa\u00f1a Resto de Europa Am\u00e9rica del Norte Am\u00e9rica Central Am\u00e9rica del Sur Web o Blog (opcional) He le\u00eddo y acepto la Pol\u00edtica de Privacidad de Mundo Lanar. * A\u00f1ade nuestro email \u00abnewsletter@romiato.com\u00bb a tu libreta de direcciones para [&hellip;]<\/p>\n","protected":false},"author":1,"featured_media":0,"parent":0,"menu_order":0,"comment_status":"closed","ping_status":"closed","template":"","meta":{"site-sidebar-layout":"no-sidebar","site-content-layout":"plain-container","ast-site-content-layout":"default","site-content-style":"default","site-sidebar-style":"default","ast-global-header-display":"","ast-banner-title-visibility":"","ast-main-header-display":"","ast-hfb-above-header-display":"","ast-hfb-below-header-display":"","ast-hfb-mobile-header-display":"","site-post-title":"disabled","ast-breadcrumbs-content":"","ast-featured-img":"disabled","footer-sml-layout":"","ast-disable-related-posts":"","theme-transparent-header-meta":"","adv-header-id-meta":"","stick-header-meta":"","header-above-stick-meta":"","header-main-stick-meta":"","header-below-stick-meta":"","astra-migrate-meta-layouts":"default","ast-page-background-enabled":"default","ast-page-background-meta":{"desktop":{"background-color":"var(--ast-global-color-4)","background-image":"","background-repeat":"repeat","background-position":"center center","background-size":"auto","background-attachment":"scroll","background-type":"","background-media":"","overlay-type":"","overlay-color":"","overlay-opacity":"","overlay-gradient":""},"tablet":{"background-color":"","background-image":"","background-repeat":"repeat","background-position":"center center","background-size":"auto","background-attachment":"scroll","background-type":"","background-media":"","overlay-type":"","overlay-color":"","overlay-opacity":"","overlay-gradient":""},"mobile":{"background-color":"","background-image":"","background-repeat":"repeat","background-position":"center center","background-size":"auto","background-attachment":"scroll","background-type":"","background-media":"","overlay-type":"","overlay-color":"","overlay-opacity":"","overlay-gradient":""}},"ast-content-background-meta":{"desktop":{"background-color":"var(--ast-global-color-5)","background-image":"","background-repeat":"repeat","background-position":"center center","background-size":"auto","background-attachment":"scroll","background-type":"","background-media":"","overlay-type":"","overlay-color":"","overlay-opacity":"","overlay-gradient":""},"tablet":{"background-color":"var(--ast-global-color-5)","background-image":"","background-repeat":"repeat","background-position":"center center","background-size":"auto","background-attachment":"scroll","background-type":"","background-media":"","overlay-type":"","overlay-color":"","overlay-opacity":"","overlay-gradient":""},"mobile":{"background-color":"var(--ast-global-color-5)","background-image":"","background-repeat":"repeat","background-position":"center center","background-size":"auto","background-attachment":"scroll","background-type":"","background-media":"","overlay-type":"","overlay-color":"","overlay-opacity":"","overlay-gradient":""}},"footnotes":""},"class_list":["post-13259","page","type-page","status-publish","hentry"],"yoast_head":"<!-- This site is optimized with the Yoast SEO plugin v24.9 - https:\/\/yoast.com\/wordpress\/plugins\/seo\/ -->\n<title>Newsletter - Mundo Lanar<\/title>\n<meta name=\"robots\" content=\"index, follow, max-snippet:-1, max-image-preview:large, max-video-preview:-1\" \/>\n<link rel=\"canonical\" href=\"https:\/\/www.mundolanar.com\/blog\/newsletter\/\" \/>\n<meta property=\"og:locale\" content=\"es_ES\" \/>\n<meta property=\"og:type\" content=\"article\" \/>\n<meta property=\"og:title\" content=\"Newsletter - Mundo Lanar\" \/>\n<meta property=\"og:description\" content=\"* campos requeridos Correo electr\u00f3nico (requerido)* Nombre y Apellidos (requerido)* \u00bfDesde qu\u00e9 pa\u00eds te suscribes? (requerido) * Espa\u00f1a Resto de Europa Am\u00e9rica del Norte Am\u00e9rica Central Am\u00e9rica del Sur Web o Blog (opcional) He le\u00eddo y acepto la Pol\u00edtica de Privacidad de Mundo Lanar. * A\u00f1ade nuestro email &quot;newsletter@romiato.com&quot; a tu libreta de direcciones para [&hellip;]\" \/>\n<meta property=\"og:url\" content=\"https:\/\/www.mundolanar.com\/blog\/newsletter\/\" \/>\n<meta property=\"og:site_name\" content=\"Mundo Lanar\" \/>\n<meta property=\"article:modified_time\" content=\"2018-11-12T23:32:38+00:00\" \/>\n<script type=\"application\/ld+json\" class=\"yoast-schema-graph\">{\"@context\":\"https:\/\/schema.org\",\"@graph\":[{\"@type\":\"WebPage\",\"@id\":\"https:\/\/www.mundolanar.com\/blog\/newsletter\/\",\"url\":\"https:\/\/www.mundolanar.com\/blog\/newsletter\/\",\"name\":\"Newsletter - Mundo Lanar\",\"isPartOf\":{\"@id\":\"https:\/\/www.mundolanar.com\/blog\/#website\"},\"datePublished\":\"2018-10-29T16:53:33+00:00\",\"dateModified\":\"2018-11-12T23:32:38+00:00\",\"breadcrumb\":{\"@id\":\"https:\/\/www.mundolanar.com\/blog\/newsletter\/#breadcrumb\"},\"inLanguage\":\"es\",\"potentialAction\":[{\"@type\":\"ReadAction\",\"target\":[\"https:\/\/www.mundolanar.com\/blog\/newsletter\/\"]}]},{\"@type\":\"BreadcrumbList\",\"@id\":\"https:\/\/www.mundolanar.com\/blog\/newsletter\/#breadcrumb\",\"itemListElement\":[{\"@type\":\"ListItem\",\"position\":1,\"name\":\"Home\",\"item\":\"https:\/\/www.mundolanar.com\/blog\/\"},{\"@type\":\"ListItem\",\"position\":2,\"name\":\"Newsletter\"}]},{\"@type\":\"WebSite\",\"@id\":\"https:\/\/www.mundolanar.com\/blog\/#website\",\"url\":\"https:\/\/www.mundolanar.com\/blog\/\",\"name\":\"Mundo Lanar\",\"description\":\"Fibras y tintes naturales en clave Do It Yourself &amp; Do It Slow\",\"publisher\":{\"@id\":\"https:\/\/www.mundolanar.com\/blog\/#organization\"},\"potentialAction\":[{\"@type\":\"SearchAction\",\"target\":{\"@type\":\"EntryPoint\",\"urlTemplate\":\"https:\/\/www.mundolanar.com\/blog\/?s={search_term_string}\"},\"query-input\":{\"@type\":\"PropertyValueSpecification\",\"valueRequired\":true,\"valueName\":\"search_term_string\"}}],\"inLanguage\":\"es\"},{\"@type\":\"Organization\",\"@id\":\"https:\/\/www.mundolanar.com\/blog\/#organization\",\"name\":\"Mundo Lanar\",\"url\":\"https:\/\/www.mundolanar.com\/blog\/\",\"logo\":{\"@type\":\"ImageObject\",\"inLanguage\":\"es\",\"@id\":\"https:\/\/www.mundolanar.com\/blog\/#\/schema\/logo\/image\/\",\"url\":\"https:\/\/www.mundolanar.com\/blog\/wp-content\/uploads\/2012\/08\/elblog.jpg\",\"contentUrl\":\"https:\/\/www.mundolanar.com\/blog\/wp-content\/uploads\/2012\/08\/elblog.jpg\",\"width\":800,\"height\":137,\"caption\":\"Mundo Lanar\"},\"image\":{\"@id\":\"https:\/\/www.mundolanar.com\/blog\/#\/schema\/logo\/image\/\"}}]}<\/script>\n<!-- \/ Yoast SEO plugin. -->","yoast_head_json":{"title":"Newsletter - Mundo Lanar","robots":{"index":"index","follow":"follow","max-snippet":"max-snippet:-1","max-image-preview":"max-image-preview:large","max-video-preview":"max-video-preview:-1"},"canonical":"https:\/\/www.mundolanar.com\/blog\/newsletter\/","og_locale":"es_ES","og_type":"article","og_title":"Newsletter - Mundo Lanar","og_description":"* campos requeridos Correo electr\u00f3nico (requerido)* Nombre y Apellidos (requerido)* \u00bfDesde qu\u00e9 pa\u00eds te suscribes? (requerido) * Espa\u00f1a Resto de Europa Am\u00e9rica del Norte Am\u00e9rica Central Am\u00e9rica del Sur Web o Blog (opcional) He le\u00eddo y acepto la Pol\u00edtica de Privacidad de Mundo Lanar. * A\u00f1ade nuestro email \"newsletter@romiato.com\" a tu libreta de direcciones para [&hellip;]","og_url":"https:\/\/www.mundolanar.com\/blog\/newsletter\/","og_site_name":"Mundo Lanar","article_modified_time":"2018-11-12T23:32:38+00:00","schema":{"@context":"https:\/\/schema.org","@graph":[{"@type":"WebPage","@id":"https:\/\/www.mundolanar.com\/blog\/newsletter\/","url":"https:\/\/www.mundolanar.com\/blog\/newsletter\/","name":"Newsletter - Mundo Lanar","isPartOf":{"@id":"https:\/\/www.mundolanar.com\/blog\/#website"},"datePublished":"2018-10-29T16:53:33+00:00","dateModified":"2018-11-12T23:32:38+00:00","breadcrumb":{"@id":"https:\/\/www.mundolanar.com\/blog\/newsletter\/#breadcrumb"},"inLanguage":"es","potentialAction":[{"@type":"ReadAction","target":["https:\/\/www.mundolanar.com\/blog\/newsletter\/"]}]},{"@type":"BreadcrumbList","@id":"https:\/\/www.mundolanar.com\/blog\/newsletter\/#breadcrumb","itemListElement":[{"@type":"ListItem","position":1,"name":"Home","item":"https:\/\/www.mundolanar.com\/blog\/"},{"@type":"ListItem","position":2,"name":"Newsletter"}]},{"@type":"WebSite","@id":"https:\/\/www.mundolanar.com\/blog\/#website","url":"https:\/\/www.mundolanar.com\/blog\/","name":"Mundo Lanar","description":"Fibras y tintes naturales en clave Do It Yourself &amp; Do It Slow","publisher":{"@id":"https:\/\/www.mundolanar.com\/blog\/#organization"},"potentialAction":[{"@type":"SearchAction","target":{"@type":"EntryPoint","urlTemplate":"https:\/\/www.mundolanar.com\/blog\/?s={search_term_string}"},"query-input":{"@type":"PropertyValueSpecification","valueRequired":true,"valueName":"search_term_string"}}],"inLanguage":"es"},{"@type":"Organization","@id":"https:\/\/www.mundolanar.com\/blog\/#organization","name":"Mundo Lanar","url":"https:\/\/www.mundolanar.com\/blog\/","logo":{"@type":"ImageObject","inLanguage":"es","@id":"https:\/\/www.mundolanar.com\/blog\/#\/schema\/logo\/image\/","url":"https:\/\/www.mundolanar.com\/blog\/wp-content\/uploads\/2012\/08\/elblog.jpg","contentUrl":"https:\/\/www.mundolanar.com\/blog\/wp-content\/uploads\/2012\/08\/elblog.jpg","width":800,"height":137,"caption":"Mundo Lanar"},"image":{"@id":"https:\/\/www.mundolanar.com\/blog\/#\/schema\/logo\/image\/"}}]}},"_links":{"self":[{"href":"https:\/\/www.mundolanar.com\/blog\/wp-json\/wp\/v2\/pages\/13259","targetHints":{"allow":["GET"]}}],"collection":[{"href":"https:\/\/www.mundolanar.com\/blog\/wp-json\/wp\/v2\/pages"}],"about":[{"href":"https:\/\/www.mundolanar.com\/blog\/wp-json\/wp\/v2\/types\/page"}],"author":[{"embeddable":true,"href":"https:\/\/www.mundolanar.com\/blog\/wp-json\/wp\/v2\/users\/1"}],"replies":[{"embeddable":true,"href":"https:\/\/www.mundolanar.com\/blog\/wp-json\/wp\/v2\/comments?post=13259"}],"version-history":[{"count":29,"href":"https:\/\/www.mundolanar.com\/blog\/wp-json\/wp\/v2\/pages\/13259\/revisions"}],"predecessor-version":[{"id":13263,"href":"https:\/\/www.mundolanar.com\/blog\/wp-json\/wp\/v2\/pages\/13259\/revisions\/13263"}],"wp:attachment":[{"href":"https:\/\/www.mundolanar.com\/blog\/wp-json\/wp\/v2\/media?parent=13259"}],"curies":[{"name":"wp","href":"https:\/\/api.w.org\/{rel}","templated":true}]}}