{"id":10269,"date":"2016-02-08T18:24:02","date_gmt":"2016-02-08T18:24:02","guid":{"rendered":"http:\/\/www.mundolanar.com\/blog\/?page_id=10269"},"modified":"2017-04-06T23:18:14","modified_gmt":"2017-04-06T23:18:14","slug":"cursos","status":"publish","type":"page","link":"https:\/\/www.mundolanar.com\/blog\/cursos\/","title":{"rendered":"Cursos de Fibras &#038; Tintes Naturales The Dyer&#8217;s House * Programaci\u00f3n actualizada"},"content":{"rendered":"<p><\/br><\/p>\n<p style=\"text-align: justify;\"><span style=\"color: #333333;\"><span style=\"font-size: 14px;\">Tras las seis intensas semanas del <a href=\"http:\/\/thedyershouse.com\/arranca-el-curso-de-capacitacion-en-tintes-naturales-con-enfoque-agroecologico-fianciado-por-el-gobierno-de-chile\/\" target=\"_blank\"><u>Programa de Capacitaci\u00f3n en Fibras &#038; Tintes Naturales con Enfoque Local y Agroecol\u00f3gico<\/u><\/a>, retomamos la programaci\u00f3n habitual de <strong>Cursos de Fibras &#038; Tintes Naturales en The Dyer&#8217;s House<\/strong> con diversas propuestas formativas dedicadas a la creaci\u00f3n de Textiles Lentos &#038; Sustentables, pensadas para aquellos dise\u00f1adores, artistas, artesanos, decoradores o creadores textiles que deseen incorporar las Fibras &#038; Tintes Naturales en sus esquemas de creatividad textil. Y si lo tuyo es formarte al tiempo que distrutas de los placeres de la vida slow, no te pierdas nuestro <strong>SLOW SUMMER CAMP * 2017<\/strong>.<\/span><\/span><\/p>\n<p><\/br><\/p>\n<h1 style=\"text-align: center;\">TINTES NATURALES EN LANA<\/h1>\n<h2 style=\"text-align: center;\">Curso Avanzado de Tintes Naturales en Lana<\/h2>\n<h4 style=\"text-align: center;\">Aprende a te\u00f1ir lana con materias primas y m\u00e9todos sustentables<\/h4>\n<h5 style=\"text-align: center;\">Del 2 al 4 de junio * 3 d\u00edas (17 horas lectivas)<\/h5>\n<h4 style=\"text-align: center;\"><a href=\"http:\/\/mundolanar.bigcartel.com\/product\/curso-taller-de-tintes-naturales\" target=\"_blank\"><u>INFO &#038; RESERVAS<\/u><\/a><\/h4>\n<p><\/br><br \/>\n<img loading=\"lazy\" decoding=\"async\" src=\"http:\/\/www.mundolanar.com\/blog\/wp-content\/uploads\/2017\/01\/Tintes-Naturales-en-lana-640.jpg\" alt=\"Tintes Naturales en lana 640\" width=\"640\" height=\"640\" class=\"aligncenter size-full wp-image-12651\" srcset=\"https:\/\/www.mundolanar.com\/blog\/wp-content\/uploads\/2017\/01\/Tintes-Naturales-en-lana-640.jpg 640w, https:\/\/www.mundolanar.com\/blog\/wp-content\/uploads\/2017\/01\/Tintes-Naturales-en-lana-640-200x200.jpg 200w, https:\/\/www.mundolanar.com\/blog\/wp-content\/uploads\/2017\/01\/Tintes-Naturales-en-lana-640-300x300.jpg 300w, https:\/\/www.mundolanar.com\/blog\/wp-content\/uploads\/2017\/01\/Tintes-Naturales-en-lana-640-150x150.jpg 150w\" sizes=\"auto, (max-width: 640px) 100vw, 640px\" \/><br \/>\n<\/br><br \/>\n<\/br><\/p>\n<h1 style=\"text-align: center;\">TINTES NATURALES EN ALGOD\u00d3N<\/h1>\n<h2 style=\"text-align: center;\">Curso Avanzado de Tintes Naturales en Algod\u00f3n<\/h2>\n<h4 style=\"text-align: center;\">Aprende a te\u00f1ir algod\u00f3n con materias primas y m\u00e9todos sustentables<\/h4>\n<h5 style=\"text-align: center;\">Del 5 al 8 de mayo \/ Del 22 al 25 mayo \/ Del 3 al 6 julio * 4 d\u00edas (24 horas lectivas)<\/h5>\n<h4 style=\"text-align: center;\"><a href=\"http:\/\/shop.mundolanar.com\/product\/taller-de-tintes-naturales-con-algodon\" target=\"_blank\"><u>INFO &#038; RESERVAS<\/u><\/a><\/h4>\n<p><\/br><br \/>\n<img loading=\"lazy\" decoding=\"async\" src=\"http:\/\/www.mundolanar.com\/blog\/wp-content\/uploads\/2017\/04\/Tintes-Naturales-en-Algod\u00f3n_Cursos-en-The-Dyers-House-1-1024x1024.jpg\" alt=\"Tintes Naturales en Algod\u00f3n_Cursos en The Dyer&#039;s House\" width=\"640\" height=\"640\" class=\"aligncenter size-large wp-image-12756\" srcset=\"https:\/\/www.mundolanar.com\/blog\/wp-content\/uploads\/2017\/04\/Tintes-Naturales-en-Algod\u00f3n_Cursos-en-The-Dyers-House-1-1024x1024.jpg 1024w, https:\/\/www.mundolanar.com\/blog\/wp-content\/uploads\/2017\/04\/Tintes-Naturales-en-Algod\u00f3n_Cursos-en-The-Dyers-House-1-200x200.jpg 200w, https:\/\/www.mundolanar.com\/blog\/wp-content\/uploads\/2017\/04\/Tintes-Naturales-en-Algod\u00f3n_Cursos-en-The-Dyers-House-1-300x300.jpg 300w, https:\/\/www.mundolanar.com\/blog\/wp-content\/uploads\/2017\/04\/Tintes-Naturales-en-Algod\u00f3n_Cursos-en-The-Dyers-House-1-750x750.jpg 750w, https:\/\/www.mundolanar.com\/blog\/wp-content\/uploads\/2017\/04\/Tintes-Naturales-en-Algod\u00f3n_Cursos-en-The-Dyers-House-1-150x150.jpg 150w, https:\/\/www.mundolanar.com\/blog\/wp-content\/uploads\/2017\/04\/Tintes-Naturales-en-Algod\u00f3n_Cursos-en-The-Dyers-House-1.jpg 1279w\" sizes=\"auto, (max-width: 640px) 100vw, 640px\" \/><br \/>\n<\/br><br \/>\n<\/br><\/p>\n<h2 style=\"text-align: center;\">SHIBORI CON \u00cdNDIGO<\/h2>\n<h3 style=\"text-align: center;\">Taller de Iniciaci\u00f3n al Shibori con \u00cdndigo<\/h3>\n<h4 style=\"text-align: center;\">Descubre la magia de una de las t\u00e9cnicas de bloqueo m\u00e1s emblem\u00e1ticas<\/h4>\n<h5 style=\"text-align: center;\">Del 4 al 5 de Mayo * 2 d\u00edas (10 horas lectivas)<\/h5>\n<h4 style=\"text-align: center;\"><a href=\"http:\/\/www.shop.mundolanar.com\/product\/taller-de-shibori-con-indigo\" target=\"_blank\"><u>INFO &#038; RESERVAS<\/u><\/a><\/h4>\n<p><\/br><\/p>\n<h3 style=\"text-align: center;\">Curso Avanzado en Shibori con \u00cdndigo<\/h3>\n<h4 style=\"text-align: center;\">Aprende a crear tus propios dise\u00f1os textiles de inspiraci\u00f3n japonesa<\/h4>\n<h5 style=\"text-align: center;\">Del 26 al 28 de Mayo * 3 d\u00edas (17 horas lectivas)<\/h5>\n<h4 style=\"text-align: center;\"><a href=\"http:\/\/shop.mundolanar.com\/product\/curso-shibori-con-indigo-3dias\" target=\"_blank\"><u>INFO &#038; RESERVAS<\/u><\/a><\/h4>\n<p><\/br><br \/>\n<img loading=\"lazy\" decoding=\"async\" src=\"http:\/\/www.mundolanar.com\/blog\/wp-content\/uploads\/2017\/04\/Shibori-con-\u00cdndigo_Cursos-de-Tinten-Naturales-en-The-Dyers-House-1024x1024.jpg\" alt=\"Shibori con \u00cdndigo_Cursos de Tinten Naturales en The Dyer&#039;s House\" width=\"640\" height=\"640\" class=\"aligncenter size-large wp-image-12802\" \/><br \/>\n<\/br><br \/>\n<\/br><\/p>\n<h2 style=\"text-align: center;\">ECOPRINT EN ALGOD\u00d3N<\/h2>\n<h3 style=\"text-align: center;\">Curso Avanzado en Ecoprint<\/h3>\n<h4 style=\"text-align: center;\">Sumergete en la Estampaci\u00f3n Bot\u00e1nica y aprende a crear dise\u00f1os org\u00e1nicos<\/h4>\n<h5 style=\"text-align: center;\">Del 19 al 21 de Mayo \/ Del 16 al 18 de Junio \/ Del 7 al 9 de Julio * 3 d\u00edas (17 horas lectivas)<\/h5>\n<h4 style=\"text-align: center;\"><a href=\"http:\/\/www.shop.mundolanar.com\/product\/curso-ecoprint-botanical-design-fibras-celulosicas-algodon\" target=\"_blank\"><u>INFO &#038; RESERVAS<\/u><\/a><\/h4>\n<p><\/br><br \/>\n<img loading=\"lazy\" decoding=\"async\" src=\"http:\/\/www.mundolanar.com\/blog\/wp-content\/uploads\/2017\/04\/Ecoprint_Curso-de-Estampaci\u00f3n-Bot\u00e1nica-en-The-Dyers-House_Mundo-Lanar-1024x1024.jpg\" alt=\"Ecoprint_Curso de Estampaci\u00f3n Bot\u00e1nica en The Dyer&#039;s House_Mundo Lanar\" width=\"640\" height=\"640\" class=\"aligncenter size-large wp-image-12804\" \/><br \/>\n<\/br><br \/>\n<\/br><\/p>\n<h2 style=\"text-align: center;\">PROCESO DE LA LANA<\/h2>\n<h3 style=\"text-align: center;\">Taller de Iniciaci\u00f3n al Proceso de la Lana<\/h3>\n<h4 style=\"text-align: center;\">Transforma un vell\u00f3n de lana en un hilado listo para tejer<\/h4>\n<h5 style=\"text-align: center;\">Del 18 al 19 de Mayo * 2 d\u00edas (10 horas lectivas)<\/h5>\n<h4 style=\"text-align: center;\"><a href=\"http:\/\/shop.mundolanar.com\/product\/taller-del-proceso-de-la-lana\" target=\"_blank\"><u>INFO &#038; RESERVAS<\/u><\/a><\/h4>\n<p><\/br><\/p>\n<h3 style=\"text-align: center;\">Curso Avanzado de El Proceso de la Lana<\/h3>\n<h4 style=\"text-align: center;\">Crea hilados sustentables con t\u00e9cnicas avanzadas de hilado y cardado<\/h4>\n<h5 style=\"text-align: center;\">Del 9 al 11 de Junio * 3 d\u00edas (17 horas lectivas)<\/h5>\n<h4 style=\"text-align: center;\"><a href=\"http:\/\/shop.mundolanar.com\/product\/curso-de-el-proceso-de-la-lana-3-dias-nivel-avanzado-mundo-lanar-the-dyer-s-house\" target=\"_blank\"><u>INFO &#038; RESERVAS<\/u><\/a><\/h4>\n<p><\/br><br \/>\n<img loading=\"lazy\" decoding=\"async\" src=\"http:\/\/www.mundolanar.com\/blog\/wp-content\/uploads\/2017\/04\/IMG_20160605_132138-1024x1024.jpg\" alt=\"IMG_20160605_132138\" width=\"640\" height=\"640\" class=\"aligncenter size-large wp-image-12784\" \/><br \/>\n<\/br><br \/>\n<\/br><\/p>\n<h3 style=\"text-align: justify;\">SLOW SUMMER CAMP * 7 D\u00cdAS<\/h3>\n<p style=\"text-align: justify;\"><span style=\"color: #333333;\"><span style=\"font-size: 14px;\">\u00abSlow Summer Weeks\u00bb es un concepto de formaci\u00f3n que a\u00fana ense\u00f1anzas textiles avanzadas con una experiencia de desconexi\u00f3n total en pleno contacto con la Naturaleza. Una invitaci\u00f3n a sumergirse en el fascinante mundo de las Fibras &#038; Tintes Naturales al tiempo de disfrutar de una estancia repleta de est\u00edmulos deleitando de los placeres de una vida lenta y saludable. Tres cursos \u00fanicos e irrepetibles para los amantes de las experiencias inspiracionales.<\/span><\/span><\/p>\n<p style=\"text-align: right;\"><span style=\"color: #333333;\"><span style=\"font-size: 14px;\"><em>Nota: 2 plazas por curso.<\/br>No se requieren conocimientos previos.<\/em><\/span><\/span><\/p>\n<p><\/br><\/p>\n<h2 style=\"text-align: center;\">BLUE DESIGN WEEK<\/h2>\n<h3 style=\"text-align: center;\">Descubre el universo de posibilidades creativas que ofrece el \u00edndigo<\/h3>\n<h5 style=\"text-align: center;\">T\u00e9cnicas: Indigo + Shibori + Pasta de Bloqueo + Black Print<\/h5>\n<h5 style=\"text-align: center;\">Soportes: Algod\u00f3n y Seda<\/h5>\n<h5 style=\"text-align: center;\">Del 10 al 16 de Julio * 7 d\u00edas (45 horas, salidas inclu\u00eddas)<\/h5>\n<h4 style=\"text-align: center;\"><a href=\"http:\/\/shop.mundolanar.com\/product\/curso-especial-indigo-shibori-estampados-blackprint-sustainable-blue-design-week-the-dyers-house\" target=\"_blank\"><u>INFO &#038; RESERVAS<\/u><\/a><\/h4>\n<p><\/br><br \/>\n<img loading=\"lazy\" decoding=\"async\" src=\"http:\/\/www.mundolanar.com\/blog\/wp-content\/uploads\/2017\/04\/25-en-alta-1024x1024.jpg\" alt=\"25 en alta\" width=\"640\" height=\"640\" class=\"aligncenter size-large wp-image-12819\" \/><br \/>\n<\/br><br \/>\n<\/br><\/p>\n<h2 style=\"text-align: center;\">BOTANICAL DESIGN WEEK<\/h2>\n<h3 style=\"text-align: center;\">D\u00e9jate seducir por las texturas org\u00e1nicas que generan las plantas<\/h3>\n<h5 style=\"text-align: center;\">T\u00e9cnicas: EcoPrint + DryPrint<\/h5>\n<h5 style=\"text-align: center;\">Soportes: Lana, Seda y Aldog\u00f3n<\/h5>\n<h5 style=\"text-align: center;\">Del 17 al 23 de Julio * 7 d\u00edas (45 horas, salidas inclu\u00eddas)<\/h5>\n<h4 style=\"text-align: center;\"><a href=\"http:\/\/shop.mundolanar.com\/product\/curso-de-ecoprint-botanical-design-slow-design-summer-week\" target=\"_blank\"><u>INFO &#038; RESERVAS<\/u><\/a><\/h4>\n<p><\/br><br \/>\n<img loading=\"lazy\" decoding=\"async\" src=\"http:\/\/www.mundolanar.com\/blog\/wp-content\/uploads\/2017\/04\/Algod\u00f3n_Curso-de-Estampaci\u00f3n-Bot\u00e1nica-en-The-Dyers-House_Mundo-Lanar-1024x1024.jpg\" alt=\"Algod\u00f3n_Curso de Estampaci\u00f3n Bot\u00e1nica en The Dyer&#039;s House_Mundo Lanar\" width=\"640\" height=\"640\" class=\"aligncenter size-large wp-image-12803\" \/><br \/>\n<\/br><br \/>\n<\/br><\/p>\n<h2 style=\"text-align: center;\">SLOW COLORS WEEK<\/h2>\n<h3 style=\"text-align: center;\">Explora las posibilidades creativas que nos ofrecen los Tintes Naturales<\/h3>\n<h5 style=\"text-align: center;\">T\u00e9cnicas: Tintes Naturales sobre fibras celul\u00f3sicas y proteicas<\/h5>\n<h5 style=\"text-align: center;\">Soportes: Lana, Seda, Aldog\u00f3n y Lino<\/h5>\n<h5 style=\"text-align: center;\">Del 24 al 30 de Julio * 7 d\u00edas (45 horas, salidas inclu\u00eddas)<\/h5>\n<h4 style=\"text-align: center;\"><a href=\"http:\/\/shop.mundolanar.com\/product\/curso-inspiracional-de-tintes-naturales-sobre-lana-seda-lino-algodon-en-the-dyers-house\" target=\"_blank\"><u>INFO &#038; RESERVAS<\/u><\/a><\/h4>\n<p><\/br><br \/>\n<img loading=\"lazy\" decoding=\"async\" src=\"http:\/\/www.mundolanar.com\/blog\/wp-content\/uploads\/2017\/04\/Muestras-de-lana-te\u00f1ida-con-tintes-naturales_Investigaci\u00f3n-de-plantas-locales_Cantabria_Curso-de-capacitaci\u00f3n-en-Tintes-Naturales.jpg\" alt=\"Muestras de lana te\u00f1ida con tintes naturales_Investigaci\u00f3n de plantas locales_Cantabria_Curso de capacitaci\u00f3n en Tintes Naturales\" width=\"640\" height=\"640\"  class=\"aligncenter size-full wp-image-12743\" srcset=\"https:\/\/www.mundolanar.com\/blog\/wp-content\/uploads\/2017\/04\/Muestras-de-lana-te\u00f1ida-con-tintes-naturales_Investigaci\u00f3n-de-plantas-locales_Cantabria_Curso-de-capacitaci\u00f3n-en-Tintes-Naturales.jpg 670w, https:\/\/www.mundolanar.com\/blog\/wp-content\/uploads\/2017\/04\/Muestras-de-lana-te\u00f1ida-con-tintes-naturales_Investigaci\u00f3n-de-plantas-locales_Cantabria_Curso-de-capacitaci\u00f3n-en-Tintes-Naturales-200x200.jpg 200w, https:\/\/www.mundolanar.com\/blog\/wp-content\/uploads\/2017\/04\/Muestras-de-lana-te\u00f1ida-con-tintes-naturales_Investigaci\u00f3n-de-plantas-locales_Cantabria_Curso-de-capacitaci\u00f3n-en-Tintes-Naturales-300x300.jpg 300w, https:\/\/www.mundolanar.com\/blog\/wp-content\/uploads\/2017\/04\/Muestras-de-lana-te\u00f1ida-con-tintes-naturales_Investigaci\u00f3n-de-plantas-locales_Cantabria_Curso-de-capacitaci\u00f3n-en-Tintes-Naturales-150x150.jpg 150w\" sizes=\"auto, (max-width: 640px) 100vw, 640px\" \/><br \/>\n<\/br><br \/>\n<\/br><\/p>\n<p style=\"text-align: right;\"><span style=\"color: #333333;\"><span style=\"font-size: 14px;\"><i>Para ver la descripci\u00f3n completa o realizar tu reserva online visita la secci\u00f3n de <a href=\"http:\/\/shop.mundolanar.com\/category\/talleres\" target=\"_blank\"><u>TALLERES &#038; CURSOS<\/u><\/a> de nuestra <a href=\"http:\/\/shop.mundolanar.com\/\" target=\"_blank\">TIENDA ONLINE<\/a>. Para ubicaci\u00f3n, descuentos, estancias e informaci\u00f3n pr\u00e1ctica no olvides visitar la secci\u00f3n de <a href=\"http:\/\/shop.mundolanar.com\/faq-escuela\" target=\"_blank\"><u>PREGUNTAS FRECUENTES<\/u><\/a>. Si lo deseas tambi\u00e9n puedes escribirnos a escuela@thedyershouse.com<\/i><\/span><\/span><\/p>\n<p><\/br><br \/>\n<\/br><\/p>\n","protected":false},"excerpt":{"rendered":"<p>Tras las seis intensas semanas del Programa de Capacitaci\u00f3n en Fibras &#038; Tintes Naturales con Enfoque Local y Agroecol\u00f3gico, retomamos la programaci\u00f3n habitual de Cursos de Fibras &#038; Tintes Naturales en The Dyer&#8217;s House con diversas propuestas formativas dedicadas a la creaci\u00f3n de Textiles Lentos &#038; Sustentables, pensadas para aquellos dise\u00f1adores, artistas, artesanos, decoradores o [&hellip;]<\/p>\n","protected":false},"author":1,"featured_media":0,"parent":0,"menu_order":2,"comment_status":"closed","ping_status":"closed","template":"","meta":{"site-sidebar-layout":"default","site-content-layout":"","ast-site-content-layout":"default","site-content-style":"default","site-sidebar-style":"default","ast-global-header-display":"","ast-banner-title-visibility":"","ast-main-header-display":"","ast-hfb-above-header-display":"","ast-hfb-below-header-display":"","ast-hfb-mobile-header-display":"","site-post-title":"","ast-breadcrumbs-content":"","ast-featured-img":"","footer-sml-layout":"","ast-disable-related-posts":"","theme-transparent-header-meta":"","adv-header-id-meta":"","stick-header-meta":"","header-above-stick-meta":"","header-main-stick-meta":"","header-below-stick-meta":"","astra-migrate-meta-layouts":"default","ast-page-background-enabled":"default","ast-page-background-meta":{"desktop":{"background-color":"var(--ast-global-color-4)","background-image":"","background-repeat":"repeat","background-position":"center center","background-size":"auto","background-attachment":"scroll","background-type":"","background-media":"","overlay-type":"","overlay-color":"","overlay-opacity":"","overlay-gradient":""},"tablet":{"background-color":"","background-image":"","background-repeat":"repeat","background-position":"center center","background-size":"auto","background-attachment":"scroll","background-type":"","background-media":"","overlay-type":"","overlay-color":"","overlay-opacity":"","overlay-gradient":""},"mobile":{"background-color":"","background-image":"","background-repeat":"repeat","background-position":"center center","background-size":"auto","background-attachment":"scroll","background-type":"","background-media":"","overlay-type":"","overlay-color":"","overlay-opacity":"","overlay-gradient":""}},"ast-content-background-meta":{"desktop":{"background-color":"var(--ast-global-color-5)","background-image":"","background-repeat":"repeat","background-position":"center center","background-size":"auto","background-attachment":"scroll","background-type":"","background-media":"","overlay-type":"","overlay-color":"","overlay-opacity":"","overlay-gradient":""},"tablet":{"background-color":"var(--ast-global-color-5)","background-image":"","background-repeat":"repeat","background-position":"center center","background-size":"auto","background-attachment":"scroll","background-type":"","background-media":"","overlay-type":"","overlay-color":"","overlay-opacity":"","overlay-gradient":""},"mobile":{"background-color":"var(--ast-global-color-5)","background-image":"","background-repeat":"repeat","background-position":"center center","background-size":"auto","background-attachment":"scroll","background-type":"","background-media":"","overlay-type":"","overlay-color":"","overlay-opacity":"","overlay-gradient":""}},"footnotes":""},"class_list":["post-10269","page","type-page","status-publish","hentry"],"yoast_head":"<!-- This site is optimized with the Yoast SEO plugin v24.9 - https:\/\/yoast.com\/wordpress\/plugins\/seo\/ -->\n<title>Cursos de Fibras &amp; Tintes Naturales The Dyer&#039;s House * Programaci\u00f3n actualizada - Mundo Lanar<\/title>\n<meta name=\"robots\" content=\"index, follow, max-snippet:-1, max-image-preview:large, max-video-preview:-1\" \/>\n<link rel=\"canonical\" href=\"https:\/\/www.mundolanar.com\/blog\/cursos\/\" \/>\n<meta property=\"og:locale\" content=\"es_ES\" \/>\n<meta property=\"og:type\" content=\"article\" \/>\n<meta property=\"og:title\" content=\"Cursos de Fibras &amp; Tintes Naturales The Dyer&#039;s House * Programaci\u00f3n actualizada - Mundo Lanar\" \/>\n<meta property=\"og:description\" content=\"Tras las seis intensas semanas del Programa de Capacitaci\u00f3n en Fibras &#038; Tintes Naturales con Enfoque Local y Agroecol\u00f3gico, retomamos la programaci\u00f3n habitual de Cursos de Fibras &#038; Tintes Naturales en The Dyer&#8217;s House con diversas propuestas formativas dedicadas a la creaci\u00f3n de Textiles Lentos &#038; Sustentables, pensadas para aquellos dise\u00f1adores, artistas, artesanos, decoradores o [&hellip;]\" \/>\n<meta property=\"og:url\" content=\"https:\/\/www.mundolanar.com\/blog\/cursos\/\" \/>\n<meta property=\"og:site_name\" content=\"Mundo Lanar\" \/>\n<meta property=\"article:modified_time\" content=\"2017-04-06T23:18:14+00:00\" \/>\n<meta property=\"og:image\" content=\"http:\/\/www.mundolanar.com\/blog\/wp-content\/uploads\/2017\/01\/Tintes-Naturales-en-lana-640.jpg\" \/>\n<meta name=\"twitter:label1\" content=\"Tiempo de lectura\" \/>\n\t<meta name=\"twitter:data1\" content=\"3 minutos\" \/>\n<script type=\"application\/ld+json\" class=\"yoast-schema-graph\">{\"@context\":\"https:\/\/schema.org\",\"@graph\":[{\"@type\":\"WebPage\",\"@id\":\"https:\/\/www.mundolanar.com\/blog\/cursos\/\",\"url\":\"https:\/\/www.mundolanar.com\/blog\/cursos\/\",\"name\":\"Cursos de Fibras & Tintes Naturales The Dyer's House * Programaci\u00f3n actualizada - Mundo Lanar\",\"isPartOf\":{\"@id\":\"https:\/\/www.mundolanar.com\/blog\/#website\"},\"primaryImageOfPage\":{\"@id\":\"https:\/\/www.mundolanar.com\/blog\/cursos\/#primaryimage\"},\"image\":{\"@id\":\"https:\/\/www.mundolanar.com\/blog\/cursos\/#primaryimage\"},\"thumbnailUrl\":\"http:\/\/www.mundolanar.com\/blog\/wp-content\/uploads\/2017\/01\/Tintes-Naturales-en-lana-640.jpg\",\"datePublished\":\"2016-02-08T18:24:02+00:00\",\"dateModified\":\"2017-04-06T23:18:14+00:00\",\"breadcrumb\":{\"@id\":\"https:\/\/www.mundolanar.com\/blog\/cursos\/#breadcrumb\"},\"inLanguage\":\"es\",\"potentialAction\":[{\"@type\":\"ReadAction\",\"target\":[\"https:\/\/www.mundolanar.com\/blog\/cursos\/\"]}]},{\"@type\":\"ImageObject\",\"inLanguage\":\"es\",\"@id\":\"https:\/\/www.mundolanar.com\/blog\/cursos\/#primaryimage\",\"url\":\"https:\/\/www.mundolanar.com\/blog\/wp-content\/uploads\/2017\/01\/Tintes-Naturales-en-lana-640.jpg\",\"contentUrl\":\"https:\/\/www.mundolanar.com\/blog\/wp-content\/uploads\/2017\/01\/Tintes-Naturales-en-lana-640.jpg\",\"width\":640,\"height\":640},{\"@type\":\"BreadcrumbList\",\"@id\":\"https:\/\/www.mundolanar.com\/blog\/cursos\/#breadcrumb\",\"itemListElement\":[{\"@type\":\"ListItem\",\"position\":1,\"name\":\"Home\",\"item\":\"https:\/\/www.mundolanar.com\/blog\/\"},{\"@type\":\"ListItem\",\"position\":2,\"name\":\"Cursos de Fibras &#038; Tintes Naturales The Dyer&#8217;s House * Programaci\u00f3n actualizada\"}]},{\"@type\":\"WebSite\",\"@id\":\"https:\/\/www.mundolanar.com\/blog\/#website\",\"url\":\"https:\/\/www.mundolanar.com\/blog\/\",\"name\":\"Mundo Lanar\",\"description\":\"Fibras y tintes naturales en clave Do It Yourself &amp; Do It Slow\",\"publisher\":{\"@id\":\"https:\/\/www.mundolanar.com\/blog\/#organization\"},\"potentialAction\":[{\"@type\":\"SearchAction\",\"target\":{\"@type\":\"EntryPoint\",\"urlTemplate\":\"https:\/\/www.mundolanar.com\/blog\/?s={search_term_string}\"},\"query-input\":{\"@type\":\"PropertyValueSpecification\",\"valueRequired\":true,\"valueName\":\"search_term_string\"}}],\"inLanguage\":\"es\"},{\"@type\":\"Organization\",\"@id\":\"https:\/\/www.mundolanar.com\/blog\/#organization\",\"name\":\"Mundo Lanar\",\"url\":\"https:\/\/www.mundolanar.com\/blog\/\",\"logo\":{\"@type\":\"ImageObject\",\"inLanguage\":\"es\",\"@id\":\"https:\/\/www.mundolanar.com\/blog\/#\/schema\/logo\/image\/\",\"url\":\"https:\/\/www.mundolanar.com\/blog\/wp-content\/uploads\/2012\/08\/elblog.jpg\",\"contentUrl\":\"https:\/\/www.mundolanar.com\/blog\/wp-content\/uploads\/2012\/08\/elblog.jpg\",\"width\":800,\"height\":137,\"caption\":\"Mundo Lanar\"},\"image\":{\"@id\":\"https:\/\/www.mundolanar.com\/blog\/#\/schema\/logo\/image\/\"}}]}<\/script>\n<!-- \/ Yoast SEO plugin. -->","yoast_head_json":{"title":"Cursos de Fibras & Tintes Naturales The Dyer's House * Programaci\u00f3n actualizada - Mundo Lanar","robots":{"index":"index","follow":"follow","max-snippet":"max-snippet:-1","max-image-preview":"max-image-preview:large","max-video-preview":"max-video-preview:-1"},"canonical":"https:\/\/www.mundolanar.com\/blog\/cursos\/","og_locale":"es_ES","og_type":"article","og_title":"Cursos de Fibras & Tintes Naturales The Dyer's House * Programaci\u00f3n actualizada - Mundo Lanar","og_description":"Tras las seis intensas semanas del Programa de Capacitaci\u00f3n en Fibras &#038; Tintes Naturales con Enfoque Local y Agroecol\u00f3gico, retomamos la programaci\u00f3n habitual de Cursos de Fibras &#038; Tintes Naturales en The Dyer&#8217;s House con diversas propuestas formativas dedicadas a la creaci\u00f3n de Textiles Lentos &#038; Sustentables, pensadas para aquellos dise\u00f1adores, artistas, artesanos, decoradores o [&hellip;]","og_url":"https:\/\/www.mundolanar.com\/blog\/cursos\/","og_site_name":"Mundo Lanar","article_modified_time":"2017-04-06T23:18:14+00:00","og_image":[{"url":"http:\/\/www.mundolanar.com\/blog\/wp-content\/uploads\/2017\/01\/Tintes-Naturales-en-lana-640.jpg","type":"","width":"","height":""}],"twitter_misc":{"Tiempo de lectura":"3 minutos"},"schema":{"@context":"https:\/\/schema.org","@graph":[{"@type":"WebPage","@id":"https:\/\/www.mundolanar.com\/blog\/cursos\/","url":"https:\/\/www.mundolanar.com\/blog\/cursos\/","name":"Cursos de Fibras & Tintes Naturales The Dyer's House * Programaci\u00f3n actualizada - Mundo Lanar","isPartOf":{"@id":"https:\/\/www.mundolanar.com\/blog\/#website"},"primaryImageOfPage":{"@id":"https:\/\/www.mundolanar.com\/blog\/cursos\/#primaryimage"},"image":{"@id":"https:\/\/www.mundolanar.com\/blog\/cursos\/#primaryimage"},"thumbnailUrl":"http:\/\/www.mundolanar.com\/blog\/wp-content\/uploads\/2017\/01\/Tintes-Naturales-en-lana-640.jpg","datePublished":"2016-02-08T18:24:02+00:00","dateModified":"2017-04-06T23:18:14+00:00","breadcrumb":{"@id":"https:\/\/www.mundolanar.com\/blog\/cursos\/#breadcrumb"},"inLanguage":"es","potentialAction":[{"@type":"ReadAction","target":["https:\/\/www.mundolanar.com\/blog\/cursos\/"]}]},{"@type":"ImageObject","inLanguage":"es","@id":"https:\/\/www.mundolanar.com\/blog\/cursos\/#primaryimage","url":"https:\/\/www.mundolanar.com\/blog\/wp-content\/uploads\/2017\/01\/Tintes-Naturales-en-lana-640.jpg","contentUrl":"https:\/\/www.mundolanar.com\/blog\/wp-content\/uploads\/2017\/01\/Tintes-Naturales-en-lana-640.jpg","width":640,"height":640},{"@type":"BreadcrumbList","@id":"https:\/\/www.mundolanar.com\/blog\/cursos\/#breadcrumb","itemListElement":[{"@type":"ListItem","position":1,"name":"Home","item":"https:\/\/www.mundolanar.com\/blog\/"},{"@type":"ListItem","position":2,"name":"Cursos de Fibras &#038; Tintes Naturales The Dyer&#8217;s House * Programaci\u00f3n actualizada"}]},{"@type":"WebSite","@id":"https:\/\/www.mundolanar.com\/blog\/#website","url":"https:\/\/www.mundolanar.com\/blog\/","name":"Mundo Lanar","description":"Fibras y tintes naturales en clave Do It Yourself &amp; Do It Slow","publisher":{"@id":"https:\/\/www.mundolanar.com\/blog\/#organization"},"potentialAction":[{"@type":"SearchAction","target":{"@type":"EntryPoint","urlTemplate":"https:\/\/www.mundolanar.com\/blog\/?s={search_term_string}"},"query-input":{"@type":"PropertyValueSpecification","valueRequired":true,"valueName":"search_term_string"}}],"inLanguage":"es"},{"@type":"Organization","@id":"https:\/\/www.mundolanar.com\/blog\/#organization","name":"Mundo Lanar","url":"https:\/\/www.mundolanar.com\/blog\/","logo":{"@type":"ImageObject","inLanguage":"es","@id":"https:\/\/www.mundolanar.com\/blog\/#\/schema\/logo\/image\/","url":"https:\/\/www.mundolanar.com\/blog\/wp-content\/uploads\/2012\/08\/elblog.jpg","contentUrl":"https:\/\/www.mundolanar.com\/blog\/wp-content\/uploads\/2012\/08\/elblog.jpg","width":800,"height":137,"caption":"Mundo Lanar"},"image":{"@id":"https:\/\/www.mundolanar.com\/blog\/#\/schema\/logo\/image\/"}}]}},"_links":{"self":[{"href":"https:\/\/www.mundolanar.com\/blog\/wp-json\/wp\/v2\/pages\/10269","targetHints":{"allow":["GET"]}}],"collection":[{"href":"https:\/\/www.mundolanar.com\/blog\/wp-json\/wp\/v2\/pages"}],"about":[{"href":"https:\/\/www.mundolanar.com\/blog\/wp-json\/wp\/v2\/types\/page"}],"author":[{"embeddable":true,"href":"https:\/\/www.mundolanar.com\/blog\/wp-json\/wp\/v2\/users\/1"}],"replies":[{"embeddable":true,"href":"https:\/\/www.mundolanar.com\/blog\/wp-json\/wp\/v2\/comments?post=10269"}],"version-history":[{"count":50,"href":"https:\/\/www.mundolanar.com\/blog\/wp-json\/wp\/v2\/pages\/10269\/revisions"}],"predecessor-version":[{"id":11396,"href":"https:\/\/www.mundolanar.com\/blog\/wp-json\/wp\/v2\/pages\/10269\/revisions\/11396"}],"wp:attachment":[{"href":"https:\/\/www.mundolanar.com\/blog\/wp-json\/wp\/v2\/media?parent=10269"}],"curies":[{"name":"wp","href":"https:\/\/api.w.org\/{rel}","templated":true}]}}