{"id":10073,"date":"2016-01-07T19:54:01","date_gmt":"2016-01-07T19:54:01","guid":{"rendered":"http:\/\/www.mundolanar.com\/blog\/?page_id=10073"},"modified":"2019-12-10T16:54:54","modified_gmt":"2019-12-10T16:54:54","slug":"diy-dis","status":"publish","type":"page","link":"http:\/\/www.mundolanar.com\/blog\/diy-dis\/","title":{"rendered":"DIY &#038; DIS"},"content":{"rendered":"<p>El lema de Mundo Lanar condensa la filosof\u00eda de este proyecto de <strong>base local<\/strong> pero con una clara <strong>mirada global<\/strong>, que pone su acento en la capacidad de las personas para crear textiles empleando \u00abm\u00e9todos artesanales y materias primas naturales producidas de manera local y sustentable\u00bb.<\/p>\n<p>Con la idea de \u00ab<em>Hazlo T\u00fa Mismo De Manera Responsable<\/em>\u00bb tratamos de dar un paso m\u00e1s all\u00e1 de la cultura del <em>Do It Yourself<\/em>, la cual ha perdido gran parte de sus connotaciones originales respecto a la b\u00fasqueda de un modelo de <em>Consumo Responsable<\/em> capaz de frenar el deterioro ecol\u00f3gico, econ\u00f3mico y cultural provocado por la <em>Sociedad de Usar y Tirar<\/em>.\u00a0Nuestra propuesta de trabajo gira en torno a la idea de disfrutar creando, fabricando o reparando cosas pero recordando que \u201c<em>el hecho de crear objetos con las manos no es necesariamente un acto ecol\u00f3gico o \u00e9tico\u201d<\/em>. Esta reflexi\u00f3n nos llev\u00f3 a concebir Mundo Lanar como una iniciativa de <em>Regeneraci\u00f3n Textil<\/em> con fuertes ligazones con el territorio y sus gentes, y como \u201c<strong><em>una invitaci\u00f3n a crear textiles mediante m\u00e9todos manuales, pero repensando en todo momento la naturaleza, trazabilidad e implicaciones ecol\u00f3gicas, sanitarias, socioecon\u00f3micas y culturales de las materias primas y procesos que empleamos<\/em><\/strong>\u201d.\u00a0 En definitiva, una vuelta a la esencia de nuestras tradiciones pero actualizadas de acuerdo a la \u00e9tica y escenarios contempor\u00e1neos, apostando en todo momento por el uso inseparable de las \u00ab<strong>Fibras &amp; Tintes Naturales provenientes de fuentes locales y responsables como requisito indispensable para la creaci\u00f3n de Textiles Sustentables<\/strong>\u00ab.<\/p>\n<p>M\u00e1s all\u00e1 de nuestra anterior vocaci\u00f3n textil, el proyecto Mundo Lanar naci\u00f3 en el 2009 con la idea de abordar el reto de la recuperaci\u00f3n de la tradici\u00f3n textil, momento en que di\u00f3 comienzo una investigaci\u00f3n de campo a lo largo de toda la geograf\u00eda nacional, acompa\u00f1ada de una ardua labor de revisi\u00f3n documental, cuyo resultado arroj\u00f3 una conclusi\u00f3n -a nuestro juicio- muy exclarecedora:<\/p>\n<p style=\"text-align: right;\"><em>\u201c<strong>Mientras antiguamente las Fibras &amp; Tintes Naturales fueron decisivos para la riqueza <\/strong><strong>cultural de nuestros territorios adem\u00e1s de representar un verdadero motor econ\u00f3mico<\/strong> proporcionando un modo de vida digno a una parte muy significativa de la poblaci\u00f3n en los entornos rural y urbano, con oficios como pastores\/ras, esquiladores, comerciantes, bataneros, lavanderos, hilanderas\/os, tejedores\/as, bolilleras, bordadoras, estampadores, tintoreros\/as&#8230; (sin olvidar la econom\u00eda tras todos estos oficios, como la relacionada con la producci\u00f3n de materias primas (ganaderos y cultivadores) o la fabricaci\u00f3n de los utensilios y maquinaria que estos requer\u00edan), <\/em><em><strong>en la actualidad tanto la artesan\u00eda como la industria textil de base tradicional <\/strong>(no petroqu\u00edmica) <strong>han pasado a ser una actividad en peligro de extinci\u00f3n<\/strong>. <\/em><\/p>\n<p style=\"text-align: left;\">Todo ello provocado por el culto al mal entendido \u00abprogreso\u00bb que aboga por dejar atr\u00e1s (a buen recaudo, eso s\u00ed, en las vitrinas de los museos) cualquier tipo de pr\u00e1ctica \u00abanticuada\u00bb, en lugar de estar pensando en su necesario rescate y revitalizaci\u00f3n en un contexto de aut\u00e9ntica locura globalizadora en el que los saberes de anta\u00f1o atesoran muchas de las claves de la tan nombrada -y so\u00f1ada- \u00absustentabilidad\u00bb. Una situaci\u00f3n que, desde Mundo Lanar, nos planteamos revertir mediante la formaci\u00f3n y capacitaci\u00f3n profesional; la divulgaci\u00f3n cr\u00edtica e independiente; la puesta en marcha de iniciativas textiles con arraigo local; el encuentro entre artistas, artesanos y creadores textiles; la coordinaci\u00f3n institucional; el trabajo en red; y una labor constante de investigaci\u00f3n que nos permita \u00ab<strong>hacer de las Fibras &amp; Tintes Naturales una verdadera alternativa de presente con perspectivas de futuro bajo los -inexorables- axiomas de la Agroecolog\u00eda y la Sustentablidad <\/strong>\u00ab.<\/p>\n<h4 style=\"text-align: center;\">* * *<\/h4>\n<p><img loading=\"lazy\" decoding=\"async\" class=\"aligncenter size-full wp-image-10101\" src=\"http:\/\/www.mundolanar.com\/blog\/wp-content\/uploads\/2016\/01\/Hazlo-T\u00fa-Mismo.jpg\" alt=\"Hazlo T\u00fa Mismo\" width=\"900\" height=\"370\" srcset=\"http:\/\/www.mundolanar.com\/blog\/wp-content\/uploads\/2016\/01\/Hazlo-T\u00fa-Mismo.jpg 900w, http:\/\/www.mundolanar.com\/blog\/wp-content\/uploads\/2016\/01\/Hazlo-T\u00fa-Mismo-300x123.jpg 300w, http:\/\/www.mundolanar.com\/blog\/wp-content\/uploads\/2016\/01\/Hazlo-T\u00fa-Mismo-750x308.jpg 750w, http:\/\/www.mundolanar.com\/blog\/wp-content\/uploads\/2016\/01\/Hazlo-T\u00fa-Mismo-150x62.jpg 150w\" sizes=\"auto, (max-width: 900px) 100vw, 900px\" \/><\/p>\n<p style=\"text-align: center;\"><span style=\"color: #808000;\"><a style=\"color: #808000;\" href=\"http:\/\/www.mundolanar.com\/blog\/\">Volver al Blog <\/a><\/span><\/p>\n","protected":false},"excerpt":{"rendered":"<p>El lema de Mundo Lanar condensa la filosof\u00eda de este proyecto de base local pero con una clara mirada global, que pone su acento en la capacidad de las personas para crear textiles empleando \u00abm\u00e9todos artesanales y materias primas naturales producidas de manera local y sustentable\u00bb. Con la idea de \u00abHazlo T\u00fa Mismo De Manera [&hellip;]<\/p>\n","protected":false},"author":1,"featured_media":0,"parent":0,"menu_order":0,"comment_status":"closed","ping_status":"closed","template":"","meta":{"site-sidebar-layout":"no-sidebar","site-content-layout":"plain-container","ast-site-content-layout":"default","site-content-style":"default","site-sidebar-style":"default","ast-global-header-display":"","ast-banner-title-visibility":"","ast-main-header-display":"","ast-hfb-above-header-display":"","ast-hfb-below-header-display":"","ast-hfb-mobile-header-display":"","site-post-title":"disabled","ast-breadcrumbs-content":"","ast-featured-img":"","footer-sml-layout":"","ast-disable-related-posts":"","theme-transparent-header-meta":"default","adv-header-id-meta":"","stick-header-meta":"","header-above-stick-meta":"","header-main-stick-meta":"","header-below-stick-meta":"","astra-migrate-meta-layouts":"default","ast-page-background-enabled":"default","ast-page-background-meta":{"desktop":{"background-color":"var(--ast-global-color-4)","background-image":"","background-repeat":"repeat","background-position":"center center","background-size":"auto","background-attachment":"scroll","background-type":"","background-media":"","overlay-type":"","overlay-color":"","overlay-opacity":"","overlay-gradient":""},"tablet":{"background-color":"","background-image":"","background-repeat":"repeat","background-position":"center center","background-size":"auto","background-attachment":"scroll","background-type":"","background-media":"","overlay-type":"","overlay-color":"","overlay-opacity":"","overlay-gradient":""},"mobile":{"background-color":"","background-image":"","background-repeat":"repeat","background-position":"center center","background-size":"auto","background-attachment":"scroll","background-type":"","background-media":"","overlay-type":"","overlay-color":"","overlay-opacity":"","overlay-gradient":""}},"ast-content-background-meta":{"desktop":{"background-color":"var(--ast-global-color-5)","background-image":"","background-repeat":"repeat","background-position":"center center","background-size":"auto","background-attachment":"scroll","background-type":"","background-media":"","overlay-type":"","overlay-color":"","overlay-opacity":"","overlay-gradient":""},"tablet":{"background-color":"var(--ast-global-color-5)","background-image":"","background-repeat":"repeat","background-position":"center center","background-size":"auto","background-attachment":"scroll","background-type":"","background-media":"","overlay-type":"","overlay-color":"","overlay-opacity":"","overlay-gradient":""},"mobile":{"background-color":"var(--ast-global-color-5)","background-image":"","background-repeat":"repeat","background-position":"center center","background-size":"auto","background-attachment":"scroll","background-type":"","background-media":"","overlay-type":"","overlay-color":"","overlay-opacity":"","overlay-gradient":""}},"footnotes":""},"class_list":["post-10073","page","type-page","status-publish","hentry"],"yoast_head":"<!-- This site is optimized with the Yoast SEO plugin v24.9 - https:\/\/yoast.com\/wordpress\/plugins\/seo\/ -->\n<title>DIY &amp; DIS - Mundo Lanar<\/title>\n<meta name=\"robots\" content=\"index, follow, max-snippet:-1, max-image-preview:large, max-video-preview:-1\" \/>\n<link rel=\"canonical\" href=\"https:\/\/www.mundolanar.com\/blog\/diy-dis\/\" \/>\n<meta property=\"og:locale\" content=\"es_ES\" \/>\n<meta property=\"og:type\" content=\"article\" \/>\n<meta property=\"og:title\" content=\"DIY &amp; DIS - Mundo Lanar\" \/>\n<meta property=\"og:description\" content=\"El lema de Mundo Lanar condensa la filosof\u00eda de este proyecto de base local pero con una clara mirada global, que pone su acento en la capacidad de las personas para crear textiles empleando \u00abm\u00e9todos artesanales y materias primas naturales producidas de manera local y sustentable\u00bb. Con la idea de \u00abHazlo T\u00fa Mismo De Manera [&hellip;]\" \/>\n<meta property=\"og:url\" content=\"https:\/\/www.mundolanar.com\/blog\/diy-dis\/\" \/>\n<meta property=\"og:site_name\" content=\"Mundo Lanar\" \/>\n<meta property=\"article:modified_time\" content=\"2019-12-10T16:54:54+00:00\" \/>\n<meta name=\"twitter:label1\" content=\"Tiempo de lectura\" \/>\n\t<meta name=\"twitter:data1\" content=\"3 minutos\" \/>\n<script type=\"application\/ld+json\" class=\"yoast-schema-graph\">{\"@context\":\"https:\/\/schema.org\",\"@graph\":[{\"@type\":\"WebPage\",\"@id\":\"https:\/\/www.mundolanar.com\/blog\/diy-dis\/\",\"url\":\"https:\/\/www.mundolanar.com\/blog\/diy-dis\/\",\"name\":\"DIY & DIS - Mundo Lanar\",\"isPartOf\":{\"@id\":\"http:\/\/www.mundolanar.com\/blog\/#website\"},\"datePublished\":\"2016-01-07T19:54:01+00:00\",\"dateModified\":\"2019-12-10T16:54:54+00:00\",\"breadcrumb\":{\"@id\":\"https:\/\/www.mundolanar.com\/blog\/diy-dis\/#breadcrumb\"},\"inLanguage\":\"es\",\"potentialAction\":[{\"@type\":\"ReadAction\",\"target\":[\"https:\/\/www.mundolanar.com\/blog\/diy-dis\/\"]}]},{\"@type\":\"BreadcrumbList\",\"@id\":\"https:\/\/www.mundolanar.com\/blog\/diy-dis\/#breadcrumb\",\"itemListElement\":[{\"@type\":\"ListItem\",\"position\":1,\"name\":\"Home\",\"item\":\"http:\/\/www.mundolanar.com\/blog\/\"},{\"@type\":\"ListItem\",\"position\":2,\"name\":\"DIY &#038; DIS\"}]},{\"@type\":\"WebSite\",\"@id\":\"http:\/\/www.mundolanar.com\/blog\/#website\",\"url\":\"http:\/\/www.mundolanar.com\/blog\/\",\"name\":\"Mundo Lanar\",\"description\":\"Fibras y tintes naturales en clave Do It Yourself &amp; Do It Slow\",\"publisher\":{\"@id\":\"http:\/\/www.mundolanar.com\/blog\/#organization\"},\"potentialAction\":[{\"@type\":\"SearchAction\",\"target\":{\"@type\":\"EntryPoint\",\"urlTemplate\":\"http:\/\/www.mundolanar.com\/blog\/?s={search_term_string}\"},\"query-input\":{\"@type\":\"PropertyValueSpecification\",\"valueRequired\":true,\"valueName\":\"search_term_string\"}}],\"inLanguage\":\"es\"},{\"@type\":\"Organization\",\"@id\":\"http:\/\/www.mundolanar.com\/blog\/#organization\",\"name\":\"Mundo Lanar\",\"url\":\"http:\/\/www.mundolanar.com\/blog\/\",\"logo\":{\"@type\":\"ImageObject\",\"inLanguage\":\"es\",\"@id\":\"http:\/\/www.mundolanar.com\/blog\/#\/schema\/logo\/image\/\",\"url\":\"http:\/\/www.mundolanar.com\/blog\/wp-content\/uploads\/2012\/08\/elblog.jpg\",\"contentUrl\":\"http:\/\/www.mundolanar.com\/blog\/wp-content\/uploads\/2012\/08\/elblog.jpg\",\"width\":800,\"height\":137,\"caption\":\"Mundo Lanar\"},\"image\":{\"@id\":\"http:\/\/www.mundolanar.com\/blog\/#\/schema\/logo\/image\/\"}}]}<\/script>\n<!-- \/ Yoast SEO plugin. -->","yoast_head_json":{"title":"DIY & DIS - Mundo Lanar","robots":{"index":"index","follow":"follow","max-snippet":"max-snippet:-1","max-image-preview":"max-image-preview:large","max-video-preview":"max-video-preview:-1"},"canonical":"https:\/\/www.mundolanar.com\/blog\/diy-dis\/","og_locale":"es_ES","og_type":"article","og_title":"DIY & DIS - Mundo Lanar","og_description":"El lema de Mundo Lanar condensa la filosof\u00eda de este proyecto de base local pero con una clara mirada global, que pone su acento en la capacidad de las personas para crear textiles empleando \u00abm\u00e9todos artesanales y materias primas naturales producidas de manera local y sustentable\u00bb. Con la idea de \u00abHazlo T\u00fa Mismo De Manera [&hellip;]","og_url":"https:\/\/www.mundolanar.com\/blog\/diy-dis\/","og_site_name":"Mundo Lanar","article_modified_time":"2019-12-10T16:54:54+00:00","twitter_misc":{"Tiempo de lectura":"3 minutos"},"schema":{"@context":"https:\/\/schema.org","@graph":[{"@type":"WebPage","@id":"https:\/\/www.mundolanar.com\/blog\/diy-dis\/","url":"https:\/\/www.mundolanar.com\/blog\/diy-dis\/","name":"DIY & DIS - Mundo Lanar","isPartOf":{"@id":"http:\/\/www.mundolanar.com\/blog\/#website"},"datePublished":"2016-01-07T19:54:01+00:00","dateModified":"2019-12-10T16:54:54+00:00","breadcrumb":{"@id":"https:\/\/www.mundolanar.com\/blog\/diy-dis\/#breadcrumb"},"inLanguage":"es","potentialAction":[{"@type":"ReadAction","target":["https:\/\/www.mundolanar.com\/blog\/diy-dis\/"]}]},{"@type":"BreadcrumbList","@id":"https:\/\/www.mundolanar.com\/blog\/diy-dis\/#breadcrumb","itemListElement":[{"@type":"ListItem","position":1,"name":"Home","item":"http:\/\/www.mundolanar.com\/blog\/"},{"@type":"ListItem","position":2,"name":"DIY &#038; DIS"}]},{"@type":"WebSite","@id":"http:\/\/www.mundolanar.com\/blog\/#website","url":"http:\/\/www.mundolanar.com\/blog\/","name":"Mundo Lanar","description":"Fibras y tintes naturales en clave Do It Yourself &amp; Do It Slow","publisher":{"@id":"http:\/\/www.mundolanar.com\/blog\/#organization"},"potentialAction":[{"@type":"SearchAction","target":{"@type":"EntryPoint","urlTemplate":"http:\/\/www.mundolanar.com\/blog\/?s={search_term_string}"},"query-input":{"@type":"PropertyValueSpecification","valueRequired":true,"valueName":"search_term_string"}}],"inLanguage":"es"},{"@type":"Organization","@id":"http:\/\/www.mundolanar.com\/blog\/#organization","name":"Mundo Lanar","url":"http:\/\/www.mundolanar.com\/blog\/","logo":{"@type":"ImageObject","inLanguage":"es","@id":"http:\/\/www.mundolanar.com\/blog\/#\/schema\/logo\/image\/","url":"http:\/\/www.mundolanar.com\/blog\/wp-content\/uploads\/2012\/08\/elblog.jpg","contentUrl":"http:\/\/www.mundolanar.com\/blog\/wp-content\/uploads\/2012\/08\/elblog.jpg","width":800,"height":137,"caption":"Mundo Lanar"},"image":{"@id":"http:\/\/www.mundolanar.com\/blog\/#\/schema\/logo\/image\/"}}]}},"_links":{"self":[{"href":"http:\/\/www.mundolanar.com\/blog\/wp-json\/wp\/v2\/pages\/10073","targetHints":{"allow":["GET"]}}],"collection":[{"href":"http:\/\/www.mundolanar.com\/blog\/wp-json\/wp\/v2\/pages"}],"about":[{"href":"http:\/\/www.mundolanar.com\/blog\/wp-json\/wp\/v2\/types\/page"}],"author":[{"embeddable":true,"href":"http:\/\/www.mundolanar.com\/blog\/wp-json\/wp\/v2\/users\/1"}],"replies":[{"embeddable":true,"href":"http:\/\/www.mundolanar.com\/blog\/wp-json\/wp\/v2\/comments?post=10073"}],"version-history":[{"count":20,"href":"http:\/\/www.mundolanar.com\/blog\/wp-json\/wp\/v2\/pages\/10073\/revisions"}],"predecessor-version":[{"id":13836,"href":"http:\/\/www.mundolanar.com\/blog\/wp-json\/wp\/v2\/pages\/10073\/revisions\/13836"}],"wp:attachment":[{"href":"http:\/\/www.mundolanar.com\/blog\/wp-json\/wp\/v2\/media?parent=10073"}],"curies":[{"name":"wp","href":"https:\/\/api.w.org\/{rel}","templated":true}]}}